{"id":258,"date":"2025-10-22T13:50:07","date_gmt":"2025-10-22T13:50:07","guid":{"rendered":"http:\/\/63.176.22.190\/?page_id=258"},"modified":"2025-11-02T13:43:37","modified_gmt":"2025-11-02T13:43:37","slug":"business","status":"publish","type":"page","link":"https:\/\/www.benichu.de\/de\/business\/","title":{"rendered":"Unser Unternehmen"},"content":{"rendered":"\n<div class=\"wp-block-columns is-layout-flex wp-container-core-columns-is-layout-9d6595d7 wp-block-columns-is-layout-flex\">\n<div class=\"wp-block-column is-layout-flow wp-block-column-is-layout-flow\">\n<h2 class=\"wp-block-heading\">Unsere Kernfunktionen<\/h2>\n\n\n\n<div style=\"height:20px\" aria-hidden=\"true\" class=\"wp-block-spacer\"><\/div>\n\n\n\n<p>Bei Marubeni-Itochu Steel Europe GmbH (MISEA) bieten wir ein umfassendes L\u00f6sungsportfolio zur Unterst\u00fctzung Ihres Gesch\u00e4ftserfolgs in der gesamten EMEA-Region. Dank des globalen Netzwerks von MISI beschaffen wir eine breite Palette von Stahlprodukten aus der ganzen Welt und bieten Mehrwertdienste, einschlie\u00dflich fortschrittlicher Verarbeitungsm\u00f6glichkeiten.\u00a0<\/p>\n\n\n\n<p><br>Unsere Gesch\u00e4ftst\u00e4tigkeit basiert auf einem integrierten Logistiksystem, das eine effiziente und termingerechte Lieferung sowie ein professionelles Risikomanagement in den Bereichen Kreditwesen, Recht, IT und operative Abl\u00e4ufe gew\u00e4hrleistet. Dank dieser St\u00e4rken bietet MISEA hochwertige, regional optimierte Dienstleistungen, die es unseren Partnern erm\u00f6glichen, in einem dynamischen Marktumfeld zu wachsen und ihren Erfolg auszuweiten.\u00a0<\/p>\n\n\n\n<div style=\"height:30px\" aria-hidden=\"true\" id=\"global\" class=\"wp-block-spacer\"><\/div>\n<\/div>\n\n\n\n<div class=\"wp-block-column is-layout-flow wp-block-column-is-layout-flow\">\n<div style=\"height:70px\" aria-hidden=\"true\" class=\"wp-block-spacer\"><\/div>\n\n\n\n<figure class=\"wp-block-gallery has-nested-images columns-default is-cropped wp-block-gallery-1 is-layout-flex wp-block-gallery-is-layout-flex\">\n<figure class=\"wp-block-image size-large\"><img loading=\"lazy\" decoding=\"async\" width=\"1024\" height=\"923\" data-id=\"44\" src=\"http:\/\/www.benichu.de\/wp-content\/uploads\/2025\/10\/Our-Core-Functions-1024x923.jpg\" alt=\"\" class=\"wp-image-44\" srcset=\"https:\/\/www.benichu.de\/wp-content\/uploads\/2025\/10\/Our-Core-Functions-1024x923.jpg 1024w, https:\/\/www.benichu.de\/wp-content\/uploads\/2025\/10\/Our-Core-Functions-300x271.jpg 300w, https:\/\/www.benichu.de\/wp-content\/uploads\/2025\/10\/Our-Core-Functions-768x693.jpg 768w, https:\/\/www.benichu.de\/wp-content\/uploads\/2025\/10\/Our-Core-Functions.jpg 1120w\" sizes=\"auto, (max-width: 1024px) 100vw, 1024px\" \/><\/figure>\n<\/figure>\n<\/div>\n<\/div>\n\n\n\n<div class=\"wp-block-columns is-layout-flex wp-container-core-columns-is-layout-9d6595d7 wp-block-columns-is-layout-flex\">\n<div class=\"wp-block-column is-layout-flow wp-block-column-is-layout-flow\" style=\"flex-basis:25%\">\n<p><strong>Globale Stahlbeschaffung und Supply-Chain-L\u00f6sungen<\/strong><\/p>\n<\/div>\n\n\n\n<div class=\"wp-block-column is-layout-flow wp-block-column-is-layout-flow\" style=\"flex-basis:75%\">\n<p>Stahlprodukte sind im Wandel. Die Zukunft ist in Bewegung. Hier steht MISEA.<br>Bei MISEA sind wir auf die Beschaffung und Lieferung hochwertiger Stahlprodukte aus aller Welt spezialisiert.<br>Unser Angebot unterst\u00fctzt eine Vielzahl von Branchen \u2013 von der Automobilindustrie, Luft- und Raumfahrt, \u00fcber das Bauwesen bis hin zu Energie (einschlie\u00dflich erneuerbarer Energien) und Elektronik.<\/p>\n\n\n\n<p>Wir bieten:<\/p>\n\n\n\n<ul class=\"wp-block-list\">\n<li>Eine stabile Versorgung mit Stahl f\u00fcr den Bau der weltweiten Infrastruktur<\/li>\n\n\n\n<li>Leistungsstarke Kompetenzen im globalen Handel mit Stahlblechen und der Lieferung von Stahlverpackungen<\/li>\n\n\n\n<li>Verarbeitungsstandorte und Vertriebsnetze im In- und Ausland zur Schaffung einer nachhaltigeren Lieferkette<\/li>\n\n\n\n<li>Unterst\u00fctzung der globalen Automobilproduktion durch sorgf\u00e4ltigen Service<\/li>\n\n\n\n<li>Energiel\u00f6sungen f\u00fcr Unternehmen zur Verwirklichung einer klimaneutralen Welt<\/li>\n<\/ul>\n\n\n\n<p>Produktlinien<\/p>\n\n\n\n<ul class=\"wp-block-list\">\n<li>Halbzeuge (Brammen, Kn\u00fcppel, Vorbl\u00f6cke usw.)<\/li>\n\n\n\n<li>Flachgewalzte Stahlprodukte (Quartoblech, plattiertes Blech, warmgewalztes Coil\/Blech, kaltgewalztes Coil\/Blech, beschichtete Produkte, Wei\u00dfblech, zinnfreier Stahl usw.)<\/li>\n\n\n\n<li>Langprodukte (St\u00e4be, Profile, Winkel, Schienen, Rohre, Spundw\u00e4nde, Walzdraht usw.)<\/li>\n\n\n\n<li>Rohrprodukte (d\u00fcnn- und dickwandige Rohre, Hohlprofile usw.)<\/li>\n\n\n\n<li>Spezialstahlprodukte (Elektrobleche, Edelstahl-, Titan, Kupferlegierungsrohre, edelstahlplattierte Bleche usw.)<\/li>\n<\/ul>\n\n\n\n<p>*Energietechnische Rohrleitungsprodukte wie OCTG und Leitungsrohre werden von unserer Konzerngesellschaft in Gro\u00dfbritannien (Marubeni-Itochu Tubular Europe) vertrieben.<\/p>\n\n\n\n<div class=\"wp-block-columns is-layout-flex wp-container-core-columns-is-layout-9d6595d7 wp-block-columns-is-layout-flex\">\n<div class=\"wp-block-column is-layout-flow wp-block-column-is-layout-flow\" style=\"flex-basis:66.66%\">\n<figure class=\"wp-block-image size-large\"><img loading=\"lazy\" decoding=\"async\" width=\"1024\" height=\"768\" src=\"http:\/\/www.benichu.de\/wp-content\/uploads\/2025\/10\/Steel-1024x768.jpeg\" alt=\"\" class=\"wp-image-39\" style=\"aspect-ratio:16\/9;object-fit:cover\" srcset=\"https:\/\/www.benichu.de\/wp-content\/uploads\/2025\/10\/Steel-1024x768.jpeg 1024w, https:\/\/www.benichu.de\/wp-content\/uploads\/2025\/10\/Steel-300x225.jpeg 300w, https:\/\/www.benichu.de\/wp-content\/uploads\/2025\/10\/Steel-768x576.jpeg 768w, https:\/\/www.benichu.de\/wp-content\/uploads\/2025\/10\/Steel-1536x1153.jpeg 1536w, https:\/\/www.benichu.de\/wp-content\/uploads\/2025\/10\/Steel-2048x1537.jpeg 2048w\" sizes=\"auto, (max-width: 1024px) 100vw, 1024px\" \/><\/figure>\n<\/div>\n<\/div>\n\n\n\n<p>Unser globales Beschaffungsnetzwerk gew\u00e4hrleistet einen zuverl\u00e4ssigen Zugang zu nationalen und internationalen Materialien, die auf Ihre betrieblichen Anforderungen zugeschnitten und flexibel genug sind, um Just-in-Time-Lieferpl\u00e4ne einzuhalten.<\/p>\n<\/div>\n<\/div>\n\n\n\n<div style=\"height:70px\" aria-hidden=\"true\" id=\"automotive\" class=\"wp-block-spacer\"><\/div>\n\n\n\n<div class=\"wp-block-columns is-layout-flex wp-container-core-columns-is-layout-9d6595d7 wp-block-columns-is-layout-flex\">\n<div class=\"wp-block-column is-layout-flow wp-block-column-is-layout-flow\" style=\"flex-basis:25%\">\n<p><strong>Supply-Chain-Exzellenz in der Automobilindustrie und anderen Branchen<\/strong><\/p>\n<\/div>\n\n\n\n<div class=\"wp-block-column is-layout-flow wp-block-column-is-layout-flow\" style=\"flex-basis:75%\">\n<p>MISEA ist Ihr zuverl\u00e4ssiger Partner im Bereich des Supply-Chain-Managements in der Automobil- und Metallindustrie. Wir verstehen die Pr\u00e4zision und Agilit\u00e4t, die in schlanken Produktionsumgebungen erforderlich sind, und bieten umfassende L\u00f6sungen, die Effizienz und Leistung steigern.<\/p>\n\n\n\n<p>Unsere Dienstleistungen umfassen:<\/p>\n\n\n\n<ul class=\"wp-block-list\">\n<li>Auftragsverfolgung und Bestandsverwaltung: Echtzeit-Transparenz von der Bestellung bis zur Lieferung<\/li>\n\n\n\n<li>Strategische Preisverhandlung: Kostenoptimierung ohne Qualit\u00e4tseinbu\u00dfen<\/li>\n\n\n\n<li>Globale Logistikkoordination: Termingerechte und sichere Lieferung \u00fcber Grenzen hinweg<\/li>\n\n\n\n<li>Kundenspezifische Metallverarbeitung: Schneiden, Stanzen, Richten und Pr\u00fcfen nach exakten Vorgaben<\/li>\n<\/ul>\n\n\n\n<div class=\"wp-block-columns is-layout-flex wp-container-core-columns-is-layout-9d6595d7 wp-block-columns-is-layout-flex\">\n<div class=\"wp-block-column is-layout-flow wp-block-column-is-layout-flow\" style=\"flex-basis:66.66%\">\n<figure class=\"wp-block-image size-large\"><img loading=\"lazy\" decoding=\"async\" width=\"1024\" height=\"574\" src=\"http:\/\/www.benichu.de\/wp-content\/uploads\/2025\/10\/Automotive_frame-1024x574.jpeg\" alt=\"\" class=\"wp-image-36\" srcset=\"https:\/\/www.benichu.de\/wp-content\/uploads\/2025\/10\/Automotive_frame-1024x574.jpeg 1024w, https:\/\/www.benichu.de\/wp-content\/uploads\/2025\/10\/Automotive_frame-300x168.jpeg 300w, https:\/\/www.benichu.de\/wp-content\/uploads\/2025\/10\/Automotive_frame-768x430.jpeg 768w, https:\/\/www.benichu.de\/wp-content\/uploads\/2025\/10\/Automotive_frame-1536x861.jpeg 1536w, https:\/\/www.benichu.de\/wp-content\/uploads\/2025\/10\/Automotive_frame-2048x1148.jpeg 2048w\" sizes=\"auto, (max-width: 1024px) 100vw, 1024px\" \/><\/figure>\n<\/div>\n<\/div>\n\n\n\n<p>Mit fundierter Branchenexpertise, einem starken globalen Netzwerk und technologieorientierten Plattformen bietet MISEA ma\u00dfgeschneiderte L\u00f6sungen, die Ihre Supply-Chain-Abl\u00e4ufe verbessern.<\/p>\n<\/div>\n<\/div>\n","protected":false},"excerpt":{"rendered":"<p>Unsere Kernfunktionen Bei Marubeni-Itochu Steel Europe GmbH (MISEA) bieten wir ein umfassendes L\u00f6sungsportfolio zur Unterst\u00fctzung Ihres Gesch\u00e4ftserfolgs in der gesamten EMEA-Region. Dank des globalen Netzwerks von MISI beschaffen wir eine breite Palette von Stahlprodukten aus der ganzen Welt und bieten Mehrwertdienste, einschlie\u00dflich fortschrittlicher Verarbeitungsm\u00f6glichkeiten.\u00a0 Unsere Gesch\u00e4ftst\u00e4tigkeit basiert auf einem integrierten Logistiksystem, das eine effiziente und [&hellip;]<\/p>\n","protected":false},"author":2,"featured_media":111,"parent":0,"menu_order":0,"comment_status":"closed","ping_status":"closed","template":"page-on.php","meta":{"_acf_changed":false,"_locale":"de_DE","_original_post":"http:\/\/63.176.22.190\/?page_id=253","footnotes":""},"class_list":["post-258","page","type-page","status-publish","has-post-thumbnail","hentry","de-DE"],"acf":[],"_links":{"self":[{"href":"https:\/\/www.benichu.de\/wp-json\/wp\/v2\/pages\/258","targetHints":{"allow":["GET"]}}],"collection":[{"href":"https:\/\/www.benichu.de\/wp-json\/wp\/v2\/pages"}],"about":[{"href":"https:\/\/www.benichu.de\/wp-json\/wp\/v2\/types\/page"}],"author":[{"embeddable":true,"href":"https:\/\/www.benichu.de\/wp-json\/wp\/v2\/users\/2"}],"replies":[{"embeddable":true,"href":"https:\/\/www.benichu.de\/wp-json\/wp\/v2\/comments?post=258"}],"version-history":[{"count":10,"href":"https:\/\/www.benichu.de\/wp-json\/wp\/v2\/pages\/258\/revisions"}],"predecessor-version":[{"id":555,"href":"https:\/\/www.benichu.de\/wp-json\/wp\/v2\/pages\/258\/revisions\/555"}],"wp:featuredmedia":[{"embeddable":true,"href":"https:\/\/www.benichu.de\/wp-json\/wp\/v2\/media\/111"}],"wp:attachment":[{"href":"https:\/\/www.benichu.de\/wp-json\/wp\/v2\/media?parent=258"}],"curies":[{"name":"wp","href":"https:\/\/api.w.org\/{rel}","templated":true}]}}