{"id":263,"date":"2025-10-22T13:51:56","date_gmt":"2025-10-22T13:51:56","guid":{"rendered":"http:\/\/63.176.22.190\/?page_id=263"},"modified":"2025-11-17T13:48:28","modified_gmt":"2025-11-17T13:48:28","slug":"network","status":"publish","type":"page","link":"https:\/\/www.benichu.de\/de\/network\/","title":{"rendered":"Unser Netzwerk"},"content":{"rendered":"\n<div class=\"wp-block-columns is-layout-flex wp-container-core-columns-is-layout-9d6595d7 wp-block-columns-is-layout-flex\">\n<div class=\"wp-block-column is-layout-flow wp-block-column-is-layout-flow\" style=\"flex-basis:33.33%\">\n<figure class=\"wp-block-image size-large\"><img loading=\"lazy\" decoding=\"async\" width=\"713\" height=\"1024\" src=\"http:\/\/www.benichu.de\/wp-content\/uploads\/2025\/10\/EMEA-713x1024.png\" alt=\"\" class=\"wp-image-21\" srcset=\"https:\/\/www.benichu.de\/wp-content\/uploads\/2025\/10\/EMEA-713x1024.png 713w, https:\/\/www.benichu.de\/wp-content\/uploads\/2025\/10\/EMEA-209x300.png 209w, https:\/\/www.benichu.de\/wp-content\/uploads\/2025\/10\/EMEA.png 730w\" sizes=\"auto, (max-width: 713px) 100vw, 713px\" \/><\/figure>\n<\/div>\n\n\n\n<div class=\"wp-block-column is-layout-flow wp-block-column-is-layout-flow\" style=\"flex-basis:66.66%\">\n<h2 class=\"wp-block-heading\">St\u00e4rkung des Gesch\u00e4fts in der EMEA-Region<\/h2>\n\n\n\n<p>Die Marubeni-Itochu Steel Europe GmbH (MISEA) mit Hauptsitz in Deutschland ist die regionale Zentrale von Marubeni-Itochu Steel Inc. (MISI) f\u00fcr die EMEA-Region (Europa, Naher Osten und Afrika). Durch die Nutzung des globalen Netzwerks von MISI bieten wir eine umfassende Palette von Stahll\u00f6sungen \u2013 von der weltweiten Beschaffung bis hin zu fortschrittlichen Verarbeitungsdienstleistungen \u2013 die auf den Gesch\u00e4ftserfolg in verschiedenster Branchen zugeschnitten sind. Unser leistungsstarkes Lieferkettenmanagement wird durch eine strategische Pr\u00e4senz durch Niederlassungen und Konzerngesellschaften in Gro\u00dfbritannien, Kenia, S\u00fcdafrika, der T\u00fcrkei und den Vereinigten Arabischen Emiraten unterst\u00fctzt. So k\u00f6nnen wir flexibel und pr\u00e4zise auf regionale Bed\u00fcrfnisse eingehen.<\/p>\n<\/div>\n<\/div>\n\n\n\n<h2 class=\"wp-block-heading\">Marubeni-Itochu Steel Europe GmbH (MISEA)<\/h2>\n\n\n\n<figure class=\"wp-block-table\"><table><thead><tr><th>Firmenname<\/th><th>Adresse<\/th><th>Tel<\/th><\/tr><\/thead><tbody><tr><td>Marubeni-Itochu Steel Europe GmbH.\u2028<br>(MISEA)<\/td><td>Fritz-Vomfelde-Stra\u00dfe 20, 40547 D\u00fcsseldorf, Germany<\/td><td>49-211-54078-0<\/td><\/tr><tr><td>Marubeni-Itochu Steel Europe GmbH.<br>UK Branch<\/td><td>The Broadgate Tower 15F, 20 Primrose Street, LONDON EC2A 2EW,\u2028<br>United Kingdom<\/td><td>44-20-7947-8444<\/td><\/tr><tr><td>Marubeni-Itochu Steel Europe GmbH.\u2028<br>Johannesburg Branch<\/td><td>9th Floor, Tower 2, 102 Rivonia Road, Sandton 2196, South Africa<\/td><td>27-11-290-6000<\/td><\/tr><tr><td>Marubeni-Itochu Steel Europe GmbH.<br>Nairobi Branch<\/td><td>7th Floor Britam Tower, Hospital Road, Upper Hill, Nairobi, Kenya<\/td><td>254-202719023<\/td><\/tr><tr><td>Marubeni-Itochu Steel Europe GmbH.<br>Istanbul Branch<\/td><td>Zorlu Center, Teras evler Ba\u011f\u0131ms\u0131z b\u00f6l\u00fcm no:530 D:401 Levaz\u0131m Mahallesi<br>\u2013 Koru Sokak Bina No:2 34340 Be\u015fikta\u015f\/Istanbul Turkey<\/td><td>90-212-212-5515<\/td><\/tr><\/tbody><\/table><\/figure>\n\n\n\n<div style=\"height:50px\" aria-hidden=\"true\" class=\"wp-block-spacer\"><\/div>\n\n\n\n<h2 class=\"wp-block-heading\">MISI Weltweites Netzwerk<\/h2>\n\n\n\n<figure class=\"wp-block-table\"><table><thead><tr><th>Firmenname<\/th><th>Adresse<\/th><th>Gesch\u00e4ft<\/th><\/tr><\/thead><tbody><tr><td>Marubeni-Itochu Steel Middle East Trading FZE (MISME)<\/td><td>FZJOB2406, Jebel Ali Freezone, Dubai, United Arab Emirates<\/td><td>Iron &amp; Steel products<\/td><\/tr><tr><td>Marubeni-Itochu Tubulars Europe Plc.<br>(MITE)<\/td><td>The Broadgate Tower 15F, 20 Primrose Street, LONDON EC2A 2EW,\u2028<br>United Kingdom<\/td><td>Tubular products<\/td><\/tr><tr><td>Marubeni-Itochu Tubulars Middle East Pipes L.L.C (MITME)<\/td><td>Al Wahda City (1) &#8211; Commercial Tower, 22nd Floor, Suite No.2201 \uff06 2202, <br>Hazza Bin Zayed The 1st Street, P.O. Box 32644, Abu Dhabi, U.A.E<\/td><td>Tubular products<\/td><\/tr><tr><td>Marubeni-Itochu Tubulars Middle East FZE<br>(MITEME)<\/td><td>JAFZA One Tower B, Office 2405, 2407, 2408, Jebel Ali Free Zone,<br>P.O. Box 18197, Dubai, UAE<\/td><td>Tubular products<\/td><\/tr><\/tbody><\/table><\/figure>\n","protected":false},"excerpt":{"rendered":"<p>St\u00e4rkung des Gesch\u00e4fts in der EMEA-Region Die Marubeni-Itochu Steel Europe GmbH (MISEA) mit Hauptsitz in Deutschland ist die regionale Zentrale von Marubeni-Itochu Steel Inc. (MISI) f\u00fcr die EMEA-Region (Europa, Naher Osten und Afrika). Durch die Nutzung des globalen Netzwerks von MISI bieten wir eine umfassende Palette von Stahll\u00f6sungen \u2013 von der weltweiten Beschaffung bis hin [&hellip;]<\/p>\n","protected":false},"author":2,"featured_media":111,"parent":0,"menu_order":0,"comment_status":"closed","ping_status":"closed","template":"page-on.php","meta":{"_acf_changed":false,"_locale":"de_DE","_original_post":"http:\/\/63.176.22.190\/?page_id=260","footnotes":""},"class_list":["post-263","page","type-page","status-publish","has-post-thumbnail","hentry","de-DE"],"acf":[],"_links":{"self":[{"href":"https:\/\/www.benichu.de\/wp-json\/wp\/v2\/pages\/263","targetHints":{"allow":["GET"]}}],"collection":[{"href":"https:\/\/www.benichu.de\/wp-json\/wp\/v2\/pages"}],"about":[{"href":"https:\/\/www.benichu.de\/wp-json\/wp\/v2\/types\/page"}],"author":[{"embeddable":true,"href":"https:\/\/www.benichu.de\/wp-json\/wp\/v2\/users\/2"}],"replies":[{"embeddable":true,"href":"https:\/\/www.benichu.de\/wp-json\/wp\/v2\/comments?post=263"}],"version-history":[{"count":19,"href":"https:\/\/www.benichu.de\/wp-json\/wp\/v2\/pages\/263\/revisions"}],"predecessor-version":[{"id":612,"href":"https:\/\/www.benichu.de\/wp-json\/wp\/v2\/pages\/263\/revisions\/612"}],"wp:featuredmedia":[{"embeddable":true,"href":"https:\/\/www.benichu.de\/wp-json\/wp\/v2\/media\/111"}],"wp:attachment":[{"href":"https:\/\/www.benichu.de\/wp-json\/wp\/v2\/media?parent=263"}],"curies":[{"name":"wp","href":"https:\/\/api.w.org\/{rel}","templated":true}]}}