{"id":278,"date":"2025-10-22T14:01:54","date_gmt":"2025-10-22T14:01:54","guid":{"rendered":"http:\/\/63.176.22.190\/?page_id=278"},"modified":"2025-11-18T15:47:33","modified_gmt":"2025-11-18T15:47:33","slug":"about","status":"publish","type":"page","link":"https:\/\/www.benichu.de\/de\/about\/","title":{"rendered":"Was wir tun"},"content":{"rendered":"\n<h2 class=\"wp-block-heading\">Regionaler Hauptsitz von Marubeni-Itochu Steel Inc. in der EMEA-Region<\/h2>\n\n\n\n<div class=\"wp-block-columns is-layout-flex wp-container-core-columns-is-layout-9d6595d7 wp-block-columns-is-layout-flex\">\n<div class=\"wp-block-column is-layout-flow wp-block-column-is-layout-flow\">\n<p>Die Marubeni-Itochu Steel Europe GmbH (MISEA) mit Hauptsitz in Deutschland fungiert als regionales Drehkreuz f\u00fcr die EMEA-Region (Europa, Naher &amp; Mittlerer Osten und Afrika). Wir bieten umfassende globale Supply-Chain-Management-Dienstleistungen, die von unseren Niederlassungen und Konzerngesellschaften in Gro\u00dfbritannien, Kenia, S\u00fcdafrika, der T\u00fcrkei und den Vereinigten Arabischen Emiraten unterst\u00fctzt werden.<\/p>\n\n\n\n<p>In Gro\u00dfbritannien betreiben wir ein Stahllagerunternehmen unter dem Namen Barclay &amp; Mathieson Steel Group und bieten unseren Kunden eine breite Palette von Produkten und L\u00f6sungen an, einschlie\u00dflich Verarbeitungsdienstleistungen und Lieferung am n\u00e4chsten Tag.<\/p>\n\n\n\n<p>MISEA ist eine Tochtergesellschaft von Marubeni-Itochu Steel Inc. (MISI), die durch den Zusammenschluss der Stahlsparten zweier der gr\u00f6\u00dften japanischen Handelskonzerne \u2013 der ITOCHU Corporation und der Marubeni Corporation \u2013 entstanden ist. Durch diesen Zusammenschluss entstand ein weltweit f\u00fchrendes Unternehmen in der Stahlindustrie.<\/p>\n\n\n\n<p>Seit der Gr\u00fcndung im Jahr 2001 ist MISEA kontinuierlich gewachsen. Unser Name steht f\u00fcr eine schlanke, reaktionsschnelle und flexible Organisation, die die St\u00e4rken und das Know-how unserer Unternehmensgruppe vereint. Er symbolisiert auch unser Engagement, Ihre Anforderungen an Stahllogistik und -verarbeitung mit Leidenschaft und Pr\u00e4zision zu erf\u00fcllen.<\/p>\n<\/div>\n\n\n\n<div class=\"wp-block-column is-layout-flow wp-block-column-is-layout-flow\">\n<figure class=\"wp-block-image size-large\"><img loading=\"lazy\" decoding=\"async\" width=\"1024\" height=\"767\" src=\"http:\/\/www.benichu.de\/wp-content\/uploads\/2025\/10\/city_view2-1024x767.jpeg\" alt=\"\" class=\"wp-image-38\" srcset=\"https:\/\/www.benichu.de\/wp-content\/uploads\/2025\/10\/city_view2-1024x767.jpeg 1024w, https:\/\/www.benichu.de\/wp-content\/uploads\/2025\/10\/city_view2-300x225.jpeg 300w, https:\/\/www.benichu.de\/wp-content\/uploads\/2025\/10\/city_view2-768x575.jpeg 768w, https:\/\/www.benichu.de\/wp-content\/uploads\/2025\/10\/city_view2-1536x1150.jpeg 1536w, https:\/\/www.benichu.de\/wp-content\/uploads\/2025\/10\/city_view2-2048x1534.jpeg 2048w\" sizes=\"auto, (max-width: 1024px) 100vw, 1024px\" \/><\/figure>\n<\/div>\n<\/div>\n\n\n\n<h2 class=\"wp-block-heading\">Marubeni-Itochu Steel Europe GmbH<\/h2>\n\n\n\n<figure class=\"wp-block-table is-style-regular\"><table><tbody><tr><td>Firmenname<\/td><td>Marubeni-Itochu Steel Europe GmbH<\/td><\/tr><tr><td>Gr\u00fcndungsdatum<\/td><td>21. Dezember 1983<br>(am 1. Oktober 2001 in den aktuellen Firmennamen umbenannt)<\/td><\/tr><tr><td>Kapital<\/td><td>58.818.800 EUR<\/td><\/tr><tr><td>Konzernzentrale<\/td><td>Fritz-Vomfelde-Stra\u00dfe 20, 40547<br>D\u00fcsseldorf, Germany<\/td><\/tr><tr><td>Gesch\u00e4ftsf\u00fchrer<\/td><td>Eiichi Fuji<\/td><\/tr><tr><td>Aktion\u00e4r<\/td><td>100% im Besitz von Marubeni-Itochu Steel Inc.<br><a href=\"https:\/\/www.benichu.com\/en\/\" data-type=\"link\" data-id=\"https:\/\/www.benichu.com\/en\/\">Unternehmenssite<\/a><\/td><\/tr><tr><td>Zweigstellen<\/td><td>London (Vereinigtes K\u00f6nigreich)<br>Nairobi (Kenia)<br>Johannesburg (S\u00fcdafrika)<br>Istanbul (T\u00fcrkei)<\/td><\/tr><tr><td>Tochtergesellschaft<\/td><td>Barclay &amp; Mathieson Limited (100%)<br><a href=\"https:\/\/www.bmsteel.co.uk\" data-type=\"link\" data-id=\"https:\/\/www.bmsteel.co.uk\">Unternehmenssite<\/a><\/td><\/tr><tr><td>Anzahl der Mitarbeiter<\/td><td>Nicht konsolidiert 56 (1. April 2025)<br>Konsolidiert 546 (1. April 2025)<\/td><\/tr><tr><td>Gesch\u00e4ftsbereiche<\/td><td>Verarbeitung, Import, Export und Verkauf von Stahlerzeugnissen; Lieferkettenmanagement; Investitionen in stahlnahe Industrien<\/td><\/tr><tr><td>URL<\/td><td><a href=\"https:\/\/www.benichu.de\">https:\/\/www.benichu.de<\/a><\/td><\/tr><\/tbody><\/table><\/figure>\n\n\n\n<div class=\"wp-block-columns is-layout-flex wp-container-core-columns-is-layout-9d6595d7 wp-block-columns-is-layout-flex\">\n<div class=\"wp-block-column is-layout-flow wp-block-column-is-layout-flow\" style=\"flex-basis:66.66%\">\n<h2 class=\"wp-block-heading\">Mitteilung der Gesch\u00e4ftsf\u00fchrung<\/h2>\n\n\n\n<div style=\"height:20px\" aria-hidden=\"true\" class=\"wp-block-spacer\"><\/div>\n\n\n\n<p>Vielen Dank f\u00fcr Ihren Besuch auf der Website der <strong>Marubeni-Itochu Steel Europe GmbH (MISEA)<\/strong>.<\/p>\n\n\n\n<p>Seit vielen Jahren sind wir in Europa und Afrika ans\u00e4ssig und wachsen gemeinsam mit unseren Kunden und Partnern durch die Lieferung von Stahlprodukten und die Bereitstellung ma\u00dfgeschneiderter L\u00f6sungen.<\/p>\n\n\n\n<p>Unsere St\u00e4rke liegt in unserem umfangreichen globalen Beschaffungs- und Vertriebsnetz, kombiniert mit unserer weltweiten Erfahrung. Dadurch k\u00f6nnen wir optimale Produkte und Dienstleistungen anbieten, die den zunehmend vielf\u00e4ltigen Bed\u00fcrfnissen unserer Kunden gerecht werden, und gleichzeitig stets ein verl\u00e4sslicher Partner bleiben.<\/p>\n\n\n\n<p>Europa befindet sich heute in einem tiefgreifenden Wandel und treibt aktiv Ma\u00dfnahmen zur Bek\u00e4mpfung des Klimawandels voran. Afrika hingegen steht trotz vielf\u00e4ltiger Herausforderungen weiterhin vor einem robusten Wachstum, getragen von seiner wachsenden Bev\u00f6lkerung. Beide M\u00e4rkte bieten neben den damit verbundenen Schwierigkeiten ein immenses Potenzial. Aufbauend auf unserer langj\u00e4hrigen Erfahrung sind wir bestrebt, Ver\u00e4nderungen vorauszusehen und weitere Schritte in Richtung Wachstum zu unternehmen.<\/p>\n\n\n\n<p>Im Rahmen dieses Engagements haben wir ein Unternehmen f\u00fcr die Verarbeitung und den Vertrieb von Baustoffen in Gro\u00dfbritannien erworben, um unseren Ansatz der lokalen Produktion f\u00fcr den lokalen Verbrauch zu st\u00e4rken, und in einen irischen Anbieter von Verankerungsl\u00f6sungen f\u00fcr die Offshore-Windkraftanlagen investiert, um uns so den Zugang zum Sektor der erneuerbaren Energien zu sichern. Mit diesen Initiativen werden wir auch weiterhin Herausforderungen im Handel und Investitionen annehmen und uns f\u00fcr nachhaltiges Wachstum in Europa und Afrika einsetzen.<\/p>\n\n\n\n<p>Die Stahlindustrie steht derzeit vor neuen Herausforderungen, darunter Nachhaltigkeit, Klimaneutralit\u00e4t und Digitalisierung. Als Mitglied eines globalen Konzerns setzen wir uns mit Nachdruck daf\u00fcr ein, diese Probleme aufrichtig anzugehen und zur Verwirklichung einer nachhaltigen Gesellschaft beizutragen.<\/p>\n\n\n\n<p>&#8222;<strong>Mit Stahl die Zukunft gestalten.<\/strong>&#8222;<br>Gem\u00e4\u00df diesem Prinzip im Hinterkopf strebt jeder von uns danach, sich pers\u00f6nlich weiterzuentwickeln, die eigenen Anstrengungen mit dem Wachstum des Unternehmens in Einklang zu bringen und letztendlich zu einer prosperierenden Gesellschaft beizutragen. Gemeinsam mit unseren Mitarbeiterinnen und Mitarbeitern werden wir auch in Zukunft Mehrwerte f\u00fcr unsere Kunden und die Gesellschaft insgesamt schaffen.<\/p>\n\n\n\n<p>Wir wissen Ihre anhaltende Unterst\u00fctzung und Partnerschaft sehr zu sch\u00e4tzen.<\/p>\n\n\n\n<p>Marubeni-Itochu Steel Europe GmbH\u2028<br>Gesch\u00e4ftsf\u00fchrer\u2028<br>Eiichi Fuji<\/p>\n<\/div>\n\n\n\n<div class=\"wp-block-column is-layout-flow wp-block-column-is-layout-flow\">\n<div style=\"height:30px\" aria-hidden=\"true\" class=\"wp-block-spacer\"><\/div>\n<\/div>\n\n\n\n<div class=\"wp-block-column is-layout-flow wp-block-column-is-layout-flow\" style=\"flex-basis:33.33%\">\n<div style=\"height:70px\" aria-hidden=\"true\" class=\"wp-block-spacer\"><\/div>\n\n\n\n<figure class=\"wp-block-image size-large\"><img loading=\"lazy\" decoding=\"async\" width=\"768\" height=\"1024\" src=\"http:\/\/www.benichu.de\/wp-content\/uploads\/2025\/10\/Fuji_MD-768x1024.jpg\" alt=\"\" class=\"wp-image-393\" srcset=\"https:\/\/www.benichu.de\/wp-content\/uploads\/2025\/10\/Fuji_MD-768x1024.jpg 768w, https:\/\/www.benichu.de\/wp-content\/uploads\/2025\/10\/Fuji_MD-225x300.jpg 225w, https:\/\/www.benichu.de\/wp-content\/uploads\/2025\/10\/Fuji_MD-1152x1536.jpg 1152w, https:\/\/www.benichu.de\/wp-content\/uploads\/2025\/10\/Fuji_MD-1536x2048.jpg 1536w, https:\/\/www.benichu.de\/wp-content\/uploads\/2025\/10\/Fuji_MD-scaled.jpg 1920w\" sizes=\"auto, (max-width: 768px) 100vw, 768px\" \/><\/figure>\n<\/div>\n<\/div>\n\n\n\n<figure class=\"wp-block-image size-large\"><img loading=\"lazy\" decoding=\"async\" width=\"1024\" height=\"538\" src=\"http:\/\/www.benichu.de\/wp-content\/uploads\/2025\/10\/Our-philosophy-1024x538.jpg\" alt=\"\" class=\"wp-image-80\" srcset=\"https:\/\/www.benichu.de\/wp-content\/uploads\/2025\/10\/Our-philosophy-1024x538.jpg 1024w, https:\/\/www.benichu.de\/wp-content\/uploads\/2025\/10\/Our-philosophy-300x158.jpg 300w, https:\/\/www.benichu.de\/wp-content\/uploads\/2025\/10\/Our-philosophy-768x404.jpg 768w, https:\/\/www.benichu.de\/wp-content\/uploads\/2025\/10\/Our-philosophy-1536x808.jpg 1536w, https:\/\/www.benichu.de\/wp-content\/uploads\/2025\/10\/Our-philosophy-2048x1077.jpg 2048w\" sizes=\"auto, (max-width: 1024px) 100vw, 1024px\" \/><\/figure>\n\n\n\n<p>Unsere kontinuierlichen Bem\u00fchungen zur Verbesserung unserer Gesch\u00e4ftsprozesse zum Wohle unseres gesch\u00e4ftlichen und gesellschaftlichen Umfelds spiegeln sich in der Zertifizierung unseres Qualit\u00e4tsmanagementsystems nach ISO 9001:2015 wider, das hier zum Download zur Verf\u00fcgung steht.<\/p>\n\n\n\n<div class=\"wp-block-buttons is-content-justification-center is-layout-flex wp-container-core-buttons-is-layout-16018d1d wp-block-buttons-is-layout-flex\">\n<div class=\"wp-block-button\"><a class=\"wp-block-button__link has-text-align-center wp-element-button\" href=\"\/wp-content\/uploads\/2025\/10\/ISO_9001-ENG-10000407642-MSC-RvA-DEU-3-20250721.pdf\" target=\"_blank\">Herunterladen<\/a><\/div>\n<\/div>\n\n\n\n<p><\/p>\n\n\n\n<p><\/p>\n","protected":false},"excerpt":{"rendered":"<p>Regionaler Hauptsitz von Marubeni-Itochu Steel Inc. in der EMEA-Region Die Marubeni-Itochu Steel Europe GmbH (MISEA) mit Hauptsitz in Deutschland fungiert als regionales Drehkreuz f\u00fcr die EMEA-Region (Europa, Naher &amp; Mittlerer Osten und Afrika). Wir bieten umfassende globale Supply-Chain-Management-Dienstleistungen, die von unseren Niederlassungen und Konzerngesellschaften in Gro\u00dfbritannien, Kenia, S\u00fcdafrika, der T\u00fcrkei und den Vereinigten Arabischen Emiraten [&hellip;]<\/p>\n","protected":false},"author":2,"featured_media":111,"parent":0,"menu_order":0,"comment_status":"closed","ping_status":"closed","template":"page-on.php","meta":{"_acf_changed":false,"_locale":"de_DE","_original_post":"http:\/\/63.176.22.190\/?page_id=275","footnotes":""},"class_list":["post-278","page","type-page","status-publish","has-post-thumbnail","hentry","de-DE"],"acf":[],"_links":{"self":[{"href":"https:\/\/www.benichu.de\/wp-json\/wp\/v2\/pages\/278","targetHints":{"allow":["GET"]}}],"collection":[{"href":"https:\/\/www.benichu.de\/wp-json\/wp\/v2\/pages"}],"about":[{"href":"https:\/\/www.benichu.de\/wp-json\/wp\/v2\/types\/page"}],"author":[{"embeddable":true,"href":"https:\/\/www.benichu.de\/wp-json\/wp\/v2\/users\/2"}],"replies":[{"embeddable":true,"href":"https:\/\/www.benichu.de\/wp-json\/wp\/v2\/comments?post=278"}],"version-history":[{"count":27,"href":"https:\/\/www.benichu.de\/wp-json\/wp\/v2\/pages\/278\/revisions"}],"predecessor-version":[{"id":626,"href":"https:\/\/www.benichu.de\/wp-json\/wp\/v2\/pages\/278\/revisions\/626"}],"wp:featuredmedia":[{"embeddable":true,"href":"https:\/\/www.benichu.de\/wp-json\/wp\/v2\/media\/111"}],"wp:attachment":[{"href":"https:\/\/www.benichu.de\/wp-json\/wp\/v2\/media?parent=278"}],"curies":[{"name":"wp","href":"https:\/\/api.w.org\/{rel}","templated":true}]}}